{"id":3153,"date":"2017-07-03T12:56:11","date_gmt":"2017-07-03T10:56:11","guid":{"rendered":"http:\/\/iff.la-webdesign.de\/?page_id=3153"},"modified":"2018-12-08T18:54:58","modified_gmt":"2018-12-08T17:54:58","slug":"klebtechnik","status":"publish","type":"page","link":"http:\/\/iff.la-webdesign.de\/de\/klebtechnik\/","title":{"rendered":"Klebtechnik"},"content":{"rendered":"<\/div><\/div><\/div><!-- close content main div --><\/div><\/div><div id='intro-top' class='avia-section main_color avia-section-default avia-no-border-styling avia-full-stretch avia-bg-style-scroll   av-minimum-height av-minimum-height-custom container_wrap sidebar_right' style = 'background-repeat: no-repeat; background-image: url(http:\/\/iff.la-webdesign.de\/wp-content\/uploads\/2018\/12\/klebtechnik.jpg); background-attachment: scroll; background-position: center center; ' data-section-bg-repeat='stretch' ><div class='container' style='height:400px'><div class='template-page content  av-content-small alpha units'><div class='post-entry post-entry-type-page post-entry-3153'><div class='entry-content-wrapper clearfix'>\n<div class=\"flex_column av_one_half  flex_column_div first  \" style='margin-top:6%; margin-bottom:2%; background-image:url(http:\/\/iff.la-webdesign.de\/wp-content\/uploads\/2017\/07\/bg-weiss-300x300.png); background-position:top left; background-repeat:repeat; padding:40px; border-radius:0px; '><p><div style='padding-bottom:10px;' class='av-special-heading av-special-heading-h1  blockquote modern-quote  '><h1 class='av-special-heading-tag '  itemprop=\"headline\"  >Klebtechnik<\/h1><div class='special-heading-border'><div class='special-heading-inner-border' ><\/div><\/div><\/div><br \/>\n<section class=\"av_textblock_section \"  itemscope=\"itemscope\" itemtype=\"https:\/\/schema.org\/CreativeWork\" ><div class='avia_textblock  '   itemprop=\"text\" ><p>Beratung, Forschung und Ausbildung<\/p>\n<\/div><\/section><\/p><\/div>\n<\/div><\/div><\/div><!-- close content main div --><\/div><\/div><div id='after_section_1' class='main_color av_default_container_wrap container_wrap sidebar_right'   ><div class='container' ><div class='template-page content  av-content-small alpha units'><div class='post-entry post-entry-type-page post-entry-3153'><div class='entry-content-wrapper clearfix'>\n<div class=\"flex_column av_one_full  flex_column_div av-zero-column-padding first  \" style='border-radius:0px; '><section class=\"av_textblock_section \"  itemscope=\"itemscope\" itemtype=\"https:\/\/schema.org\/CreativeWork\" ><div class='avia_textblock  '   itemprop=\"text\" ><p>In den letzten Jahren hat die Entwicklung von (Spezial-)Klebstoffen f\u00fcr den industriellen Einsatz einen rasanten Aufschwung genommen. Beispielsweise sind moderne Klebstoffe heutzutage in der Lage, auf be\u00f6lten Oberfl\u00e4chen Haftung zu erzeugen oder andere F\u00fcgeverfahren, wie Schwei\u00dfen oder Nieten bei Hochgeschwindigkeitsbeanspruchungen zu \u00fcbertreffen. Trotz dieser hervorragenden technologischen Eigenschaften wird das Kleben meistens erst dann eingesetzt, wenn kein anderes Verfahren mehr anwendbar ist.<\/p>\n<p>Dies liegt zum gro\u00dfen Teil daran, dass f\u00fcr den Erfolg des Klebens (aufgrund seines interdisziplin\u00e4ren Charakters) eine fr\u00fchzeitige Abstimmung und ein st\u00e4ndiger Kontakt zwischen den Klebstoffherstellern und -anwendern erforderlich sind. Da diese Kommunikationsebene meistens nicht ausreichend vorhanden ist, fehlt den Anwendern das n\u00f6tige Wissen hinsichtlich der n\u00f6tigen Prozesstechnik.<\/p>\n<p>Die IFF GmbH hilft Ihnen, diese Informationsl\u00fccke zu schlie\u00dfen. Beginnend bei der Suche nach dem optimalen F\u00fcgeverfahren, wobei eventuell bereits bestehende Verfahren auch bewertet werden k\u00f6nnen, \u00fcber die Suche nach dem optimalen Klebsystem bis hin zur Umsetzung und Integration des neuen F\u00fcgeverfahrens Kleben, in eine bestehende oder neu aufzubauende Fertigung, ist die IFF GmbH in der Lage, Ihnen bei all diesen Arbeitsschritten als kompetenter Partner beratend zur Seite zu stehen.<\/p>\n<p>Von der Technischen Universit\u00e4t M\u00fcnchen kommend verf\u00fcgt die IFF GmbH \u00fcber den wissenschaftlichen Hintergrund f\u00fcr die anwendungsorientierte Beratung unter Ber\u00fccksichtigung der klebtechnischen Eigenschaften, die zun\u00e4chst am Probenk\u00f6rper ermittelt und anschlie\u00dfend am Originalteil verifiziert werden. Von besonderer Bedeutung sind hier Eigenschaften wie quasistatische, dynamische und hochdynamische Festigkeit und die Alterungsbest\u00e4ndigkeit der Klebungen, die allesamt an der IFF GmbH experimentell erarbeitet werden k\u00f6nnen<\/p>\n<\/div><\/section><\/div>\n","protected":false},"excerpt":{"rendered":"","protected":false},"author":1,"featured_media":0,"parent":0,"menu_order":0,"comment_status":"closed","ping_status":"closed","template":"","meta":[],"_links":{"self":[{"href":"http:\/\/iff.la-webdesign.de\/de\/wp-json\/wp\/v2\/pages\/3153\/"}],"collection":[{"href":"http:\/\/iff.la-webdesign.de\/de\/wp-json\/wp\/v2\/pages\/"}],"about":[{"href":"http:\/\/iff.la-webdesign.de\/de\/wp-json\/wp\/v2\/types\/page\/"}],"author":[{"embeddable":true,"href":"http:\/\/iff.la-webdesign.de\/de\/wp-json\/wp\/v2\/users\/1\/"}],"replies":[{"embeddable":true,"href":"http:\/\/iff.la-webdesign.de\/de\/wp-json\/wp\/v2\/comments\/?post=3153"}],"version-history":[{"count":10,"href":"http:\/\/iff.la-webdesign.de\/de\/wp-json\/wp\/v2\/pages\/3153\/revisions\/"}],"predecessor-version":[{"id":5744,"href":"http:\/\/iff.la-webdesign.de\/de\/wp-json\/wp\/v2\/pages\/3153\/revisions\/5744\/"}],"wp:attachment":[{"href":"http:\/\/iff.la-webdesign.de\/de\/wp-json\/wp\/v2\/media\/?parent=3153"}],"curies":[{"name":"wp","href":"https:\/\/api.w.org\/{rel}","templated":true}]}}