{"id":3244,"date":"2017-07-03T13:04:07","date_gmt":"2017-07-03T11:04:07","guid":{"rendered":"http:\/\/iff.la-webdesign.de\/?page_id=3244"},"modified":"2018-09-04T11:01:16","modified_gmt":"2018-09-04T09:01:16","slug":"induktionstechnik","status":"publish","type":"page","link":"http:\/\/iff.la-webdesign.de\/de\/induktionstechnik\/","title":{"rendered":"Induktionstechnik"},"content":{"rendered":"<\/div><\/div><\/div><!-- close content main div --><\/div><\/div><div id='intro-top' class='avia-section main_color avia-section-default avia-no-border-styling avia-full-stretch avia-bg-style-scroll   av-minimum-height av-minimum-height-custom container_wrap sidebar_right' style = 'background-repeat: no-repeat; background-image: url(http:\/\/iff.la-webdesign.de\/wp-content\/uploads\/2017\/07\/induktion-wide.jpg); background-attachment: scroll; background-position: center right; ' data-section-bg-repeat='stretch' ><div class='container' style='height:400px'><div class='template-page content  av-content-small alpha units'><div class='post-entry post-entry-type-page post-entry-3244'><div class='entry-content-wrapper clearfix'>\n<div class=\"flex_column av_one_half  flex_column_div first  \" style='margin-top:6%; margin-bottom:2%; background-image:url(http:\/\/iff.la-webdesign.de\/wp-content\/uploads\/2017\/07\/bg-weiss-300x300.png); background-position:top left; background-repeat:repeat; padding:40px; border-radius:0px; '><p><div style='padding-bottom:10px;' class='av-special-heading av-special-heading-h1  blockquote modern-quote  '><h1 class='av-special-heading-tag '  itemprop=\"headline\"  >Induktionstechnik<\/h1><div class='special-heading-border'><div class='special-heading-inner-border' ><\/div><\/div><\/div><br \/>\n<section class=\"av_textblock_section \"  itemscope=\"itemscope\" itemtype=\"https:\/\/schema.org\/CreativeWork\" ><div class='avia_textblock  '   itemprop=\"text\" ><p>Frequenzoptimierte Industrieanlagen mit<strong> konkurrenzloser Energieausbeute.<\/strong><br \/>\nMobile, robuste und einfach zu bedienende Handger\u00e4te.<\/p>\n<\/div><\/section><\/p><\/div>\n<\/div><\/div><\/div><!-- close content main div --><\/div><\/div><div id='after_section_1' class='main_color av_default_container_wrap container_wrap sidebar_right'   ><div class='container' ><div class='template-page content  av-content-small alpha units'><div class='post-entry post-entry-type-page post-entry-3244'><div class='entry-content-wrapper clearfix'>\n<div class=\"flex_column av_one_full  flex_column_div av-zero-column-padding first  \" style='border-radius:0px; '><p><div style='padding-bottom:10px;' class='av-special-heading av-special-heading-h2    '><h2 class='av-special-heading-tag '  itemprop=\"headline\"  >Die neue Generation der Induktionstechnik bietet&#8230;<\/h2><div class='special-heading-border'><div class='special-heading-inner-border' ><\/div><\/div><\/div><br \/>\n<section class=\"av_textblock_section \"  itemscope=\"itemscope\" itemtype=\"https:\/\/schema.org\/CreativeWork\" ><div class='avia_textblock  '   itemprop=\"text\" ><p>Mobile, robuste, preisg\u00fcnstige und einfach zu bedienende Handger\u00e4te f\u00fcr eine Vielzahl von Anwendungsgebieten<\/p>\n<h2>&#8230;viele Vorteile f\u00fcr unsere Kunden<\/h2>\n<p>Ma\u00dfgeschneiderte, frequenzoptimierte Industrieanlagen mit konkurrenzloser Energieausbeute<\/p>\n<\/div><\/section><\/p><\/div>\n<div class=\"flex_column av_one_full  flex_column_div first  \" style='padding:25px; background-color:#edae44; border-radius:0px; '><p><div style='padding-bottom:10px;color:#ffffff;' class='av-special-heading av-special-heading-h3 custom-color-heading    '><h3 class='av-special-heading-tag '  itemprop=\"headline\"  >Besonderheiten und Vorteile der IFF-Anlagentechnik<\/h3><div class='special-heading-border'><div class='special-heading-inner-border' style='border-color:#ffffff'><\/div><\/div><\/div><br \/>\n<section class=\"av_textblock_section \"  itemscope=\"itemscope\" itemtype=\"https:\/\/schema.org\/CreativeWork\" ><div class='avia_textblock  av_inherit_color '  style='color:#ffffff; '  itemprop=\"text\" ><ul>\n<li>Kurze Einarbeitungszeit durch sehr einfache Bedienbarkeit<\/li>\n<li>Extrem hoher Wirkungsgrad<\/li>\n<li>Optimale Ergebnisse durch Vorwahl der Heizfrequenz\n<ul>\n<li>Oberfl\u00e4chenerw\u00e4rmung mit hoher Frequenz<\/li>\n<li>Gleichm\u00e4\u00dfiges Durchw\u00e4rmen mit niedriger Frequenz<\/li>\n<\/ul>\n<\/li>\n<li>Echte Temperaturregelung (nicht Zweipunkt) bei allen Ger\u00e4tetypen<\/li>\n<li>Niedrige Investitionskosten, geringe Betriebskosten<\/li>\n<li>Kurze\u00a0Service- und Reparaturzeiten durch einfachen Anlagenaufbau<\/li>\n<\/ul>\n<\/div><\/section><\/p><\/div>\n","protected":false},"excerpt":{"rendered":"","protected":false},"author":1,"featured_media":0,"parent":0,"menu_order":0,"comment_status":"closed","ping_status":"closed","template":"","meta":[],"_links":{"self":[{"href":"http:\/\/iff.la-webdesign.de\/de\/wp-json\/wp\/v2\/pages\/3244\/"}],"collection":[{"href":"http:\/\/iff.la-webdesign.de\/de\/wp-json\/wp\/v2\/pages\/"}],"about":[{"href":"http:\/\/iff.la-webdesign.de\/de\/wp-json\/wp\/v2\/types\/page\/"}],"author":[{"embeddable":true,"href":"http:\/\/iff.la-webdesign.de\/de\/wp-json\/wp\/v2\/users\/1\/"}],"replies":[{"embeddable":true,"href":"http:\/\/iff.la-webdesign.de\/de\/wp-json\/wp\/v2\/comments\/?post=3244"}],"version-history":[{"count":10,"href":"http:\/\/iff.la-webdesign.de\/de\/wp-json\/wp\/v2\/pages\/3244\/revisions\/"}],"predecessor-version":[{"id":5405,"href":"http:\/\/iff.la-webdesign.de\/de\/wp-json\/wp\/v2\/pages\/3244\/revisions\/5405\/"}],"wp:attachment":[{"href":"http:\/\/iff.la-webdesign.de\/de\/wp-json\/wp\/v2\/media\/?parent=3244"}],"curies":[{"name":"wp","href":"https:\/\/api.w.org\/{rel}","templated":true}]}}