{"id":3271,"date":"2017-07-03T13:32:20","date_gmt":"2017-07-03T11:32:20","guid":{"rendered":"http:\/\/iff.la-webdesign.de\/?page_id=3271"},"modified":"2018-12-08T20:42:59","modified_gmt":"2018-12-08T19:42:59","slug":"schulungen","status":"publish","type":"page","link":"http:\/\/iff.la-webdesign.de\/de\/klebtechnik\/schulungen\/","title":{"rendered":"Schulungen"},"content":{"rendered":"<div class=\"flex_column av_one_full  flex_column_div av-zero-column-padding first  \" style='border-radius:0px; '><p><div style='padding-bottom:10px;' class='av-special-heading av-special-heading-h3     '><h3 class='av-special-heading-tag '  itemprop=\"headline\"  >Klebtechnik Schulungen <\/h3><div class='special-heading-border'><div class='special-heading-inner-border' ><\/div><\/div><\/div><br \/>\n<section class=\"av_textblock_section \"  itemscope=\"itemscope\" itemtype=\"https:\/\/schema.org\/CreativeWork\" ><div class='avia_textblock  '   itemprop=\"text\" ><p>Kleben macht Spa\u00df, wenn man wei\u00df wie es geht. Die IFF GmbH bietet verschiedene M\u00f6glichkeiten der Weiterbildung an.<\/p>\n<\/div><\/section><br \/>\n<div id='av-masonry-1' class='av-masonry noHover av-flex-size av-large-gap av-hover-overlay-active av-masonry-col-3 av-caption-always av-caption-style- av-masonry-gallery     '  ><div class='av-masonry-container isotope av-js-disabled ' ><div class='av-masonry-entry isotope-item av-masonry-item-no-image '><\/div><a href=\"\/de\/klebtechnik\/schulungen\/klebpraktiker\/\" id='av-masonry-1-item-4720' data-av-masonry-item='4720' class='av-masonry-entry isotope-item post-4720 attachment type-attachment status-inherit hentry  av-masonry-item-with-image' title=\"\"  itemprop=\"thumbnailUrl\" ><div class='av-inner-masonry-sizer'><\/div><figure class='av-inner-masonry main_color'><div class=\"av-masonry-outerimage-container\"><div class=\"av-masonry-image-container\" style=\"background-image: url(http:\/\/iff.la-webdesign.de\/wp-content\/uploads\/2018\/07\/ausbildung-modul.jpg);\"><img src=\"http:\/\/iff.la-webdesign.de\/wp-content\/uploads\/2018\/07\/ausbildung-modul.jpg\" title=\"Ausbildung Klebpraktiker\" alt=\"\" \/><\/div><\/div><\/figure><\/a><!--end av-masonry entry--><a href=\"\/de\/klebtechnik\/schulungen\/ausbildungsseminar-kleben\/\" id='av-masonry-1-item-4725' data-av-masonry-item='4725' class='av-masonry-entry isotope-item post-4725 attachment type-attachment status-inherit hentry  av-masonry-item-with-image' title=\"\"  itemprop=\"thumbnailUrl\" ><div class='av-inner-masonry-sizer'><\/div><figure class='av-inner-masonry main_color'><div class=\"av-masonry-outerimage-container\"><div class=\"av-masonry-image-container\" style=\"background-image: url(http:\/\/iff.la-webdesign.de\/wp-content\/uploads\/2018\/07\/seminar-kleben.jpg);\"><img src=\"http:\/\/iff.la-webdesign.de\/wp-content\/uploads\/2018\/07\/seminar-kleben.jpg\" title=\"Seminar Kleben\" alt=\"\" \/><\/div><\/div><\/figure><\/a><!--end av-masonry entry--><a href=\"\/de\/klebtechnik\/schulungen\/vorlesung-tu-muenchen\/\" id='av-masonry-1-item-4726' data-av-masonry-item='4726' class='av-masonry-entry isotope-item post-4726 attachment type-attachment status-inherit hentry  av-masonry-item-with-image' title=\"\"  itemprop=\"thumbnailUrl\" ><div class='av-inner-masonry-sizer'><\/div><figure class='av-inner-masonry main_color'><div class=\"av-masonry-outerimage-container\"><div class=\"av-masonry-image-container\" style=\"background-image: url(http:\/\/iff.la-webdesign.de\/wp-content\/uploads\/2018\/07\/vorlesung-modul.jpg);\"><img src=\"http:\/\/iff.la-webdesign.de\/wp-content\/uploads\/2018\/07\/vorlesung-modul.jpg\" title=\"Vorlesung TUM\" alt=\"\" \/><\/div><\/div><\/figure><\/a><!--end av-masonry entry--><\/div><\/div><\/p><\/div>\n","protected":false},"excerpt":{"rendered":"","protected":false},"author":1,"featured_media":0,"parent":3153,"menu_order":0,"comment_status":"closed","ping_status":"closed","template":"","meta":[],"_links":{"self":[{"href":"http:\/\/iff.la-webdesign.de\/de\/wp-json\/wp\/v2\/pages\/3271\/"}],"collection":[{"href":"http:\/\/iff.la-webdesign.de\/de\/wp-json\/wp\/v2\/pages\/"}],"about":[{"href":"http:\/\/iff.la-webdesign.de\/de\/wp-json\/wp\/v2\/types\/page\/"}],"author":[{"embeddable":true,"href":"http:\/\/iff.la-webdesign.de\/de\/wp-json\/wp\/v2\/users\/1\/"}],"replies":[{"embeddable":true,"href":"http:\/\/iff.la-webdesign.de\/de\/wp-json\/wp\/v2\/comments\/?post=3271"}],"version-history":[{"count":10,"href":"http:\/\/iff.la-webdesign.de\/de\/wp-json\/wp\/v2\/pages\/3271\/revisions\/"}],"predecessor-version":[{"id":5789,"href":"http:\/\/iff.la-webdesign.de\/de\/wp-json\/wp\/v2\/pages\/3271\/revisions\/5789\/"}],"up":[{"embeddable":true,"href":"http:\/\/iff.la-webdesign.de\/de\/wp-json\/wp\/v2\/pages\/3153\/"}],"wp:attachment":[{"href":"http:\/\/iff.la-webdesign.de\/de\/wp-json\/wp\/v2\/media\/?parent=3271"}],"curies":[{"name":"wp","href":"https:\/\/api.w.org\/{rel}","templated":true}]}}