{"id":3687,"date":"2017-08-22T15:25:23","date_gmt":"2017-08-22T13:25:23","guid":{"rendered":"http:\/\/iff.la-webdesign.de\/?page_id=3687"},"modified":"2018-10-24T19:33:56","modified_gmt":"2018-10-24T17:33:56","slug":"iff-gmbh","status":"publish","type":"page","link":"http:\/\/iff.la-webdesign.de\/de\/unternehmen\/iff-gmbh\/","title":{"rendered":"Unternehmen"},"content":{"rendered":"<\/div><\/div><\/div><!-- close content main div --><\/div><\/div><div id='intro-top' class='avia-section main_color avia-section-default avia-no-border-styling avia-full-stretch avia-bg-style-scroll   av-minimum-height av-minimum-height-custom container_wrap sidebar_right' style = 'background-repeat: no-repeat; background-image: url(http:\/\/iff.la-webdesign.de\/wp-content\/uploads\/2017\/08\/unternehmen-wide.jpg); background-attachment: scroll; background-position: center center; ' data-section-bg-repeat='stretch' ><div class='container' style='height:400px'><div class='template-page content  av-content-small alpha units'><div class='post-entry post-entry-type-page post-entry-3687'><div class='entry-content-wrapper clearfix'>\n<div class=\"flex_column av_one_half  flex_column_div first  \" style='margin-top:6%; margin-bottom:2%; background-image:url(http:\/\/iff.la-webdesign.de\/wp-content\/uploads\/2017\/07\/bg-weiss-300x300.png); background-position:top left; background-repeat:repeat; padding:40px; border-radius:0px; '><p><div style='padding-bottom:10px;' class='av-special-heading av-special-heading-h1  blockquote modern-quote  '><h1 class='av-special-heading-tag '  itemprop=\"headline\"  >Unternehmen und Philosophie<\/h1><div class='special-heading-border'><div class='special-heading-inner-border' ><\/div><\/div><\/div><br \/>\n<section class=\"av_textblock_section \"  itemscope=\"itemscope\" itemtype=\"https:\/\/schema.org\/CreativeWork\" ><div class='avia_textblock  '   itemprop=\"text\" ><p>Daf\u00fcr steht die IFF GmbH<\/p>\n<\/div><\/section><\/p><\/div><\/div><\/div><\/div><!-- close content main div --><\/div><\/div><div id='after_section_1' class='main_color av_default_container_wrap container_wrap sidebar_right'   ><div class='container' ><div class='template-page content  av-content-small alpha units'><div class='post-entry post-entry-type-page post-entry-3687'><div class='entry-content-wrapper clearfix'><div class=\"flex_column av_one_full  flex_column_div av-zero-column-padding first  \" style='border-radius:0px; '><section class=\"av_textblock_section \"  itemscope=\"itemscope\" itemtype=\"https:\/\/schema.org\/CreativeWork\" ><div class='avia_textblock  '   itemprop=\"text\" ><p>Die IFF GmbH versteht sich als Bindeglied zwischen Klebstoffherstellern und Anwendern. Gemeinsam mit Unternehmen aus Handwerk und Industrie entwickelt und qualifiziert die IFF GmbH neuartige Fertigungsprozesse, die die Integration von modernen F\u00fcgetechniken in bestehende Abl\u00e4ufe erlaubt.<\/p>\n<p>Neben einer gesamten projektbegleitenden Beratung, die von der Klebstoffauswahl, \u00fcber Untersuchungen am Probenk\u00f6rper, eventuell auch am Originalteil, bis hin zur Umsetzung des gewonnenen Wissens in einen industriegerechten Fertigungsprozess reichen kann, bietet die IFF GmbH auch die M\u00f6glichkeit, in Form von Auftragsarbeiten einzelne Schritte dieser gesamtheitlichen Vorgehensweise durchzuf\u00fchren, um so ma\u00dfgeschneidert den W\u00fcnschen der jeweiligen Projektpartner optimal gerecht werden zu k\u00f6nnen.<\/p>\n<\/div><\/section><\/div><\/p>\n","protected":false},"excerpt":{"rendered":"","protected":false},"author":1,"featured_media":0,"parent":3268,"menu_order":0,"comment_status":"closed","ping_status":"closed","template":"","meta":[],"_links":{"self":[{"href":"http:\/\/iff.la-webdesign.de\/de\/wp-json\/wp\/v2\/pages\/3687\/"}],"collection":[{"href":"http:\/\/iff.la-webdesign.de\/de\/wp-json\/wp\/v2\/pages\/"}],"about":[{"href":"http:\/\/iff.la-webdesign.de\/de\/wp-json\/wp\/v2\/types\/page\/"}],"author":[{"embeddable":true,"href":"http:\/\/iff.la-webdesign.de\/de\/wp-json\/wp\/v2\/users\/1\/"}],"replies":[{"embeddable":true,"href":"http:\/\/iff.la-webdesign.de\/de\/wp-json\/wp\/v2\/comments\/?post=3687"}],"version-history":[{"count":8,"href":"http:\/\/iff.la-webdesign.de\/de\/wp-json\/wp\/v2\/pages\/3687\/revisions\/"}],"predecessor-version":[{"id":5225,"href":"http:\/\/iff.la-webdesign.de\/de\/wp-json\/wp\/v2\/pages\/3687\/revisions\/5225\/"}],"up":[{"embeddable":true,"href":"http:\/\/iff.la-webdesign.de\/de\/wp-json\/wp\/v2\/pages\/3268\/"}],"wp:attachment":[{"href":"http:\/\/iff.la-webdesign.de\/de\/wp-json\/wp\/v2\/media\/?parent=3687"}],"curies":[{"name":"wp","href":"https:\/\/api.w.org\/{rel}","templated":true}]}}