{"id":4272,"date":"2017-09-12T09:57:35","date_gmt":"2017-09-12T07:57:35","guid":{"rendered":"http:\/\/iff.la-webdesign.de\/?page_id=4272"},"modified":"2018-09-04T11:13:20","modified_gmt":"2018-09-04T09:13:20","slug":"zubehoer","status":"publish","type":"page","link":"http:\/\/iff.la-webdesign.de\/de\/induktionstechnik\/zubehoer\/","title":{"rendered":"Zubeh\u00f6r"},"content":{"rendered":"<\/div><\/div><\/div><!-- close content main div --><\/div><\/div><div id='intro-top' class='avia-section main_color avia-section-default avia-no-border-styling avia-full-stretch avia-bg-style-scroll   av-minimum-height av-minimum-height-custom container_wrap sidebar_right' style = 'background-repeat: no-repeat; background-image: url(http:\/\/iff.la-webdesign.de\/wp-content\/uploads\/2017\/09\/zubehoer-header.jpg); background-attachment: scroll; background-position: center center; ' data-section-bg-repeat='stretch' ><div class='container' style='height:400px'><div class='template-page content  av-content-small alpha units'><div class='post-entry post-entry-type-page post-entry-4272'><div class='entry-content-wrapper clearfix'>\n<div class=\"flex_column av_one_half  flex_column_div first  \" style='margin-top:6%; margin-bottom:2%; background-image:url(http:\/\/iff.la-webdesign.de\/wp-content\/uploads\/2017\/07\/bg-weiss-300x300.png); background-position:top left; background-repeat:repeat; padding:40px; border-radius:0px; '><p><div style='padding-bottom:10px;' class='av-special-heading av-special-heading-h1  blockquote modern-quote  '><h1 class='av-special-heading-tag '  itemprop=\"headline\"  >Zubeh\u00f6r f\u00fcr Induktionsprodukte<\/h1><div class='special-heading-border'><div class='special-heading-inner-border' ><\/div><\/div><\/div><br \/>\n<section class=\"av_textblock_section \"  itemscope=\"itemscope\" itemtype=\"https:\/\/schema.org\/CreativeWork\" ><div class='avia_textblock  '   itemprop=\"text\" ><p>Nutzen Sie unsere langj\u00e4hrige Partnerschaften zu Qualit\u00e4tslieferanten.<\/p>\n<\/div><\/section><\/p><\/div>\n<\/div><\/div><\/div><!-- close content main div --><\/div><\/div><div id='after_section_1' class='main_color av_default_container_wrap container_wrap sidebar_right'   ><div class='container' ><div class='template-page content  av-content-small alpha units'><div class='post-entry post-entry-type-page post-entry-4272'><div class='entry-content-wrapper clearfix'>\n<div class=\"flex_column av_one_full  flex_column_div av-zero-column-padding first  \" style='border-radius:0px; '><section class=\"av_textblock_section \"  itemscope=\"itemscope\" itemtype=\"https:\/\/schema.org\/CreativeWork\" ><div class='avia_textblock  '   itemprop=\"text\" ><ul>\n<li>Hochintegrierbare Temperaturerfassungssysteme (ber\u00fchrend oder ber\u00fchrungslos) von namhaften Herstellern f\u00fcr prozesssicheren Regelbetrieb<\/li>\n<li>Kleine und leise Luft\/Wasser-R\u00fcckk\u00fchlanlagen angepasst an den jeweiligen K\u00fchlbedarf<\/li>\n<li>Selbstentwickelte Spezialtransformatoren zur Optimierung des Heizprozesses und zur Erh\u00f6hung der Betriebssicherheit<\/li>\n<\/ul>\n<\/div><\/section><\/div><div class=\"flex_column av_one_full  flex_column_div av-zero-column-padding first  \" style='border-radius:0px; '><p><div style='padding-bottom:10px;' class='av-special-heading av-special-heading-h3     '><h3 class='av-special-heading-tag '  itemprop=\"headline\"  >Beispielprodukte<\/h3><div class='special-heading-border'><div class='special-heading-inner-border' ><\/div><\/div><\/div><br \/>\n<div id='av-masonry-1' class='av-masonry noHover av-fixed-size av-large-gap av-hover-overlay- av-masonry-col-2 av-caption-always av-caption-style- av-masonry-gallery   av-orientation-portrait  '  ><div class='av-masonry-container isotope av-js-disabled ' ><div class='av-masonry-entry isotope-item av-masonry-item-no-image '><\/div><a href=\"http:\/\/iff.la-webdesign.de\/wp-content\/uploads\/2018\/07\/Pruefkopf-mit-Kamera-533x1030.jpg\" id='av-masonry-1-item-4700' data-av-masonry-item='4700' class='av-masonry-entry isotope-item post-4700 attachment type-attachment status-inherit hentry  av-masonry-item-with-image' title=\"\"  itemprop=\"thumbnailUrl\" ><div class='av-inner-masonry-sizer'><\/div><figure class='av-inner-masonry main_color'><div class=\"av-masonry-outerimage-container\"><div class=\"av-masonry-image-container\" style=\"background-image: url(http:\/\/iff.la-webdesign.de\/wp-content\/uploads\/2018\/07\/Pruefkopf-mit-Kamera-365x705.jpg);\"><img src=\"http:\/\/iff.la-webdesign.de\/wp-content\/uploads\/2018\/07\/Pruefkopf-mit-Kamera-365x705.jpg\" title=\"Pr\u00fcfkopf mit Kamera\" alt=\"\" \/><\/div><\/div><\/figure><\/a><!--end av-masonry entry--><a href=\"http:\/\/iff.la-webdesign.de\/wp-content\/uploads\/2018\/07\/Rundinduktor-mit-Pyrometer.jpg\" id='av-masonry-1-item-4699' data-av-masonry-item='4699' class='av-masonry-entry isotope-item post-4699 attachment type-attachment status-inherit hentry  av-masonry-item-with-image' title=\"\"  itemprop=\"thumbnailUrl\" ><div class='av-inner-masonry-sizer'><\/div><figure class='av-inner-masonry main_color'><div class=\"av-masonry-outerimage-container\"><div class=\"av-masonry-image-container\" style=\"background-image: url(http:\/\/iff.la-webdesign.de\/wp-content\/uploads\/2018\/07\/Rundinduktor-mit-Pyrometer.jpg);\"><img src=\"http:\/\/iff.la-webdesign.de\/wp-content\/uploads\/2018\/07\/Rundinduktor-mit-Pyrometer.jpg\" title=\"Rundinduktor-mit-Pyrometer\" alt=\"\" \/><\/div><\/div><\/figure><\/a><!--end av-masonry entry--><\/div><\/div><\/p><\/div><\/p>\n","protected":false},"excerpt":{"rendered":"","protected":false},"author":1,"featured_media":0,"parent":3244,"menu_order":0,"comment_status":"closed","ping_status":"closed","template":"","meta":[],"_links":{"self":[{"href":"http:\/\/iff.la-webdesign.de\/de\/wp-json\/wp\/v2\/pages\/4272\/"}],"collection":[{"href":"http:\/\/iff.la-webdesign.de\/de\/wp-json\/wp\/v2\/pages\/"}],"about":[{"href":"http:\/\/iff.la-webdesign.de\/de\/wp-json\/wp\/v2\/types\/page\/"}],"author":[{"embeddable":true,"href":"http:\/\/iff.la-webdesign.de\/de\/wp-json\/wp\/v2\/users\/1\/"}],"replies":[{"embeddable":true,"href":"http:\/\/iff.la-webdesign.de\/de\/wp-json\/wp\/v2\/comments\/?post=4272"}],"version-history":[{"count":7,"href":"http:\/\/iff.la-webdesign.de\/de\/wp-json\/wp\/v2\/pages\/4272\/revisions\/"}],"predecessor-version":[{"id":4982,"href":"http:\/\/iff.la-webdesign.de\/de\/wp-json\/wp\/v2\/pages\/4272\/revisions\/4982\/"}],"up":[{"embeddable":true,"href":"http:\/\/iff.la-webdesign.de\/de\/wp-json\/wp\/v2\/pages\/3244\/"}],"wp:attachment":[{"href":"http:\/\/iff.la-webdesign.de\/de\/wp-json\/wp\/v2\/media\/?parent=4272"}],"curies":[{"name":"wp","href":"https:\/\/api.w.org\/{rel}","templated":true}]}}