{"id":4598,"date":"2018-07-20T10:17:54","date_gmt":"2018-07-20T08:17:54","guid":{"rendered":"http:\/\/iff.la-webdesign.de\/?page_id=4598"},"modified":"2018-11-02T11:49:58","modified_gmt":"2018-11-02T10:49:58","slug":"veroeffentlichungen","status":"publish","type":"page","link":"http:\/\/iff.la-webdesign.de\/de\/unternehmen\/veroeffentlichungen\/","title":{"rendered":"Ver\u00f6ffentlichungen"},"content":{"rendered":"<\/div><\/div><\/div><!-- close content main div --><\/div><\/div><div id='intro-top' class='avia-section main_color avia-section-default avia-no-border-styling avia-bg-style-scroll   av-minimum-height av-minimum-height-custom container_wrap sidebar_right' style = 'background-repeat: no-repeat; background-image: url(http:\/\/iff.la-webdesign.de\/wp-content\/uploads\/2017\/07\/beratung-industrieprojekte.jpg); background-attachment: scroll; background-position: center center; ' data-section-bg-repeat='no-repeat' ><div class='container' style='height:400px'><div class='template-page content  av-content-small alpha units'><div class='post-entry post-entry-type-page post-entry-4598'><div class='entry-content-wrapper clearfix'>\n<div class=\"flex_column av_one_half  flex_column_div first  \" style='margin-top:6%; margin-bottom:2%; background-image:url(http:\/\/iff.la-webdesign.de\/wp-content\/uploads\/2017\/07\/bg-weiss-300x300.png); background-position:top left; background-repeat:repeat; padding:40px; border-radius:0px; '><p><div style='padding-bottom:10px;' class='av-special-heading av-special-heading-h1  blockquote modern-quote   '><h1 class='av-special-heading-tag '  itemprop=\"headline\"  >Ver\u00f6ffentlichungen<\/h1><div class='special-heading-border'><div class='special-heading-inner-border' ><\/div><\/div><\/div><br \/>\n<section class=\"av_textblock_section \"  itemscope=\"itemscope\" itemtype=\"https:\/\/schema.org\/CreativeWork\" ><div class='avia_textblock  '   itemprop=\"text\" ><p>Bitte sprechen Sie uns gerne auch direkt an, falls Sie sich f\u00fcr spezielle Themen oder Projekte interessieren.<\/p>\n<\/div><\/section><\/p><\/div>\n<\/div><\/div><\/div><!-- close content main div --><\/div><\/div><div id='after_section_1' class='main_color av_default_container_wrap container_wrap sidebar_right'   ><div class='container' ><div class='template-page content  av-content-small alpha units'><div class='post-entry post-entry-type-page post-entry-4598'><div class='entry-content-wrapper clearfix'>\n<div class=\"flex_column av_four_fifth  flex_column_div first  \" style='padding:0px 0px 20px 0px ; border-radius:0px; '><p><section class=\"av_textblock_section \"  itemscope=\"itemscope\" itemtype=\"https:\/\/schema.org\/CreativeWork\" ><div class='avia_textblock  '   itemprop=\"text\" ><p><strong>Aufheizen von innen heraus \u2013 Einsatzm\u00f6glichkeiten der induktiven Erw\u00e4rmung<\/strong><br \/>\nDeutsches Zentrum f\u00fcr Luft- und Raumfahrt, Institut f\u00fcr Faserverbundleichtbau und Adaptronik (2017)<\/p>\n<\/div><\/section><br \/>\n<div class='avia-button-wrap avia-button-left '><a href='\/wp-content\/uploads\/2018\/07\/IFF-veroeffentlichung-DLR.pdf' class='avia-button   avia-icon_select-yes-left-icon avia-color-theme-color-highlight avia-size-medium avia-position-left '   ><span class='avia_button_icon avia_button_icon_left ' aria-hidden='true' data-av_icon='\ue87f' data-av_iconfont='entypo-fontello'><\/span><span class='avia_iconbox_title' >PDF Download<\/span><\/a><\/div><\/p><\/div>\n<div class=\"flex_column av_four_fifth  flex_column_div first  \" style='padding:0px 0px 20px 0px ; border-radius:0px; '><p><section class=\"av_textblock_section \"  itemscope=\"itemscope\" itemtype=\"https:\/\/schema.org\/CreativeWork\" ><div class='avia_textblock  '   itemprop=\"text\" ><p><strong>Improving heat generation of magnetic nanoparticles by pre-orientation of particles in a static three tesla magnetic field<\/strong><br \/>\nJournal of Magnetism and Magnetic Materials (2016)<\/p>\n<\/div><\/section><br \/>\n<div class='avia-button-wrap avia-button-left '><a href='\/wp-content\/uploads\/2018\/11\/Improving-heat-generation-of-magnetic-nanoparticles.pdf' class='avia-button   avia-icon_select-yes-right-icon avia-color-theme-color-highlight avia-size-medium avia-position-left '   ><span class='avia_iconbox_title' >PDF Download<\/span><span class='avia_button_icon avia_button_icon_right' aria-hidden='true' data-av_icon='\ue84b' data-av_iconfont='entypo-fontello'><\/span><\/a><\/div><\/p><\/div><div class=\"flex_column av_four_fifth  flex_column_div first  \" style='padding:0px 0px 20px 0px ; border-radius:0px; '><p><section class=\"av_textblock_section \"  itemscope=\"itemscope\" itemtype=\"https:\/\/schema.org\/CreativeWork\" ><div class='avia_textblock  '   itemprop=\"text\" ><p><strong>Sekundenschnell H\u00e4rten und Vergie\u00dfen mit elektromagnetischer Induktionsanregung und Mikrowellen<\/strong><br \/>\nDicht! (2014)<\/p>\n<\/div><\/section><br \/>\n<div class='avia-button-wrap avia-button-left '><a href='wp-content\/uploads\/2018\/11\/Sekundenschnell-Haerten-und-Vergiessen.pdf' class='avia-button   avia-icon_select-yes-right-icon avia-color-theme-color-highlight avia-size-medium avia-position-left '   ><span class='avia_iconbox_title' >PDF Download<\/span><span class='avia_button_icon avia_button_icon_right' aria-hidden='true' data-av_icon='\ue84b' data-av_iconfont='entypo-fontello'><\/span><\/a><\/div><\/p><\/div><\/p>\n<div class=\"flex_column av_four_fifth  flex_column_div first  \" style='padding:0px 0px 20px 0px ; border-radius:0px; '><section class=\"av_textblock_section \"  itemscope=\"itemscope\" itemtype=\"https:\/\/schema.org\/CreativeWork\" ><div class='avia_textblock  '   itemprop=\"text\" ><p><strong>Sekundenschnelles Kleben mit Induktionsh\u00e4rtung &#8211; Ma\u00dfgeschneiderte Klebstoffe und Prozesse f\u00fcr schnelles Verkleben und Vergie\u00dfen metallischer und nichtmetallischer F\u00fcgepartner<\/strong><br \/>\nAdh\u00e4sion Kleben und Dichten (2014)<\/p>\n<\/div><\/section><\/div><div class=\"flex_column av_four_fifth  flex_column_div first  \" style='padding:0px 0px 20px 0px ; border-radius:0px; '><p><section class=\"av_textblock_section \"  itemscope=\"itemscope\" itemtype=\"https:\/\/schema.org\/CreativeWork\" ><div class='avia_textblock  '   itemprop=\"text\" ><p><strong>Neue energieschonende Herstellmethoden von CfK-Bauteilen<\/strong><br \/>\nLightWeightDesign (2014)<\/p>\n<\/div><\/section><br \/>\n<div class='avia-button-wrap avia-button-left '><a href='\/wp-content\/uploads\/2018\/11\/Neue-energiesparende-Herstellmethoden-von-CfK-Bauteilen.pdf' class='avia-button   avia-icon_select-yes-right-icon avia-color-theme-color-highlight avia-size-medium avia-position-left '   ><span class='avia_iconbox_title' >PDF Download<\/span><span class='avia_button_icon avia_button_icon_right' aria-hidden='true' data-av_icon='\ue84b' data-av_iconfont='entypo-fontello'><\/span><\/a><\/div><\/p><\/div><div class=\"flex_column av_four_fifth  flex_column_div first  \" style='padding:0px 0px 20px 0px ; border-radius:0px; '><section class=\"av_textblock_section \"  itemscope=\"itemscope\" itemtype=\"https:\/\/schema.org\/CreativeWork\" ><div class='avia_textblock  '   itemprop=\"text\" ><p><strong>Induktion in der Klebtechnik<\/strong><br \/>\nBeitrag f\u00fcr das Fachbuch \u201eInduktives Erw\u00e4rmen\u201c (2013)<\/p>\n<\/div><\/section><\/div><\/p>\n<div class=\"flex_column av_four_fifth  flex_column_div first  \" style='padding:0px 0px 20px 0px ; border-radius:0px; '><p><section class=\"av_textblock_section \"  itemscope=\"itemscope\" itemtype=\"https:\/\/schema.org\/CreativeWork\" ><div class='avia_textblock  '   itemprop=\"text\" ><p><strong>Wirtschaftliches Trennen von strukturellen Klebverbindungen<\/strong><br \/>\nAdh\u00e4sion Kleben und Dichten (2009)<\/p>\n<\/div><\/section><br \/>\n<div class='avia-button-wrap avia-button-left '><a href='\/wp-content\/uploads\/2018\/11\/Wirtschaftliches-Trennen-von-strukturellen-Klebverbindungen.pdf' class='avia-button   avia-icon_select-yes-right-icon avia-color-theme-color-highlight avia-size-medium avia-position-left '   ><span class='avia_iconbox_title' >PDF Download<\/span><span class='avia_button_icon avia_button_icon_right' aria-hidden='true' data-av_icon='\ue84b' data-av_iconfont='entypo-fontello'><\/span><\/a><\/div><\/p><\/div><div class=\"flex_column av_four_fifth  flex_column_div first  \" style='padding:0px 0px 20px 0px ; border-radius:0px; '><p><section class=\"av_textblock_section \"  itemscope=\"itemscope\" itemtype=\"https:\/\/schema.org\/CreativeWork\" ><div class='avia_textblock  '   itemprop=\"text\" ><p><strong>Induktives Kleben von Edelstahlgel\u00e4ndern<\/strong><br \/>\nTechnik in Bayern (2007)<\/p>\n<\/div><\/section><br \/>\n<div class='avia-button-wrap avia-button-left '><a href='\/wp-content\/uploads\/2018\/11\/Induktives-Kleben-von-Edelstahlgelaendern.pdf' class='avia-button   avia-icon_select-yes-right-icon avia-color-theme-color-highlight avia-size-medium avia-position-left '   ><span class='avia_iconbox_title' >PDF Download<\/span><span class='avia_button_icon avia_button_icon_right' aria-hidden='true' data-av_icon='\ue84b' data-av_iconfont='entypo-fontello'><\/span><\/a><\/div><\/p><\/div><div class=\"flex_column av_four_fifth  flex_column_div first  \" style='padding:0px 0px 20px 0px ; border-radius:0px; '><section class=\"av_textblock_section \"  itemscope=\"itemscope\" itemtype=\"https:\/\/schema.org\/CreativeWork\" ><div class='avia_textblock  '   itemprop=\"text\" ><p><strong>Immer sch\u00f6n elastisch bleiben<\/strong><br \/>\nOTTO-Profil (2007)<\/p>\n<\/div><\/section><\/div><\/p>\n<div class=\"flex_column av_four_fifth  flex_column_div first  \" style='padding:0px 0px 20px 0px ; border-radius:0px; '><p><section class=\"av_textblock_section \"  itemscope=\"itemscope\" itemtype=\"https:\/\/schema.org\/CreativeWork\" ><div class='avia_textblock  '   itemprop=\"text\" ><p><strong>Proze\u00dftaugliche Laservorbehandlung zum Kleben<\/strong><br \/>\nAutomobilproduktion (2005)<\/p>\n<\/div><\/section><br \/>\n<div class='avia-button-wrap avia-button-left '><a href='\/wp-content\/uploads\/2018\/11\/Prozesstaugliche-Laservorbehandlung-zum-Kleben.pdf' class='avia-button   avia-icon_select-yes-right-icon avia-color-theme-color-highlight avia-size-medium avia-position-left '   ><span class='avia_iconbox_title' >PDF Download<\/span><span class='avia_button_icon avia_button_icon_right' aria-hidden='true' data-av_icon='\ue84b' data-av_iconfont='entypo-fontello'><\/span><\/a><\/div><\/p><\/div><div class=\"flex_column av_four_fifth  flex_column_div av-zero-column-padding first  \" style='border-radius:0px; '><p><section class=\"av_textblock_section \"  itemscope=\"itemscope\" itemtype=\"https:\/\/schema.org\/CreativeWork\" ><div class='avia_textblock  '   itemprop=\"text\" ><p><strong>Laservorbehandlung in der klebtechnischen Serienfertigung<\/strong><br \/>\nAdh\u00e4sion Kleben und Dichten (2005)<\/p>\n<\/div><\/section><br \/>\n<div class='avia-button-wrap avia-button-left '><a href='\/wp-content\/uploads\/2018\/11\/Laservorbehandlng-klebtechnische-Serienfertigung.pdf' class='avia-button   avia-icon_select-yes-right-icon avia-color-theme-color-highlight avia-size-medium avia-position-left '   ><span class='avia_iconbox_title' >PDF Download<\/span><span class='avia_button_icon avia_button_icon_right' aria-hidden='true' data-av_icon='\ue84b' data-av_iconfont='entypo-fontello'><\/span><\/a><\/div><\/p><\/div><\/p>\n","protected":false},"excerpt":{"rendered":"","protected":false},"author":1,"featured_media":0,"parent":3268,"menu_order":0,"comment_status":"closed","ping_status":"closed","template":"","meta":[],"_links":{"self":[{"href":"http:\/\/iff.la-webdesign.de\/de\/wp-json\/wp\/v2\/pages\/4598\/"}],"collection":[{"href":"http:\/\/iff.la-webdesign.de\/de\/wp-json\/wp\/v2\/pages\/"}],"about":[{"href":"http:\/\/iff.la-webdesign.de\/de\/wp-json\/wp\/v2\/types\/page\/"}],"author":[{"embeddable":true,"href":"http:\/\/iff.la-webdesign.de\/de\/wp-json\/wp\/v2\/users\/1\/"}],"replies":[{"embeddable":true,"href":"http:\/\/iff.la-webdesign.de\/de\/wp-json\/wp\/v2\/comments\/?post=4598"}],"version-history":[{"count":10,"href":"http:\/\/iff.la-webdesign.de\/de\/wp-json\/wp\/v2\/pages\/4598\/revisions\/"}],"predecessor-version":[{"id":5265,"href":"http:\/\/iff.la-webdesign.de\/de\/wp-json\/wp\/v2\/pages\/4598\/revisions\/5265\/"}],"up":[{"embeddable":true,"href":"http:\/\/iff.la-webdesign.de\/de\/wp-json\/wp\/v2\/pages\/3268\/"}],"wp:attachment":[{"href":"http:\/\/iff.la-webdesign.de\/de\/wp-json\/wp\/v2\/media\/?parent=4598"}],"curies":[{"name":"wp","href":"https:\/\/api.w.org\/{rel}","templated":true}]}}