{"id":5591,"date":"2018-11-19T13:48:09","date_gmt":"2018-11-19T12:48:09","guid":{"rendered":"http:\/\/iff.la-webdesign.de\/?page_id=5591"},"modified":"2018-11-19T13:54:15","modified_gmt":"2018-11-19T12:54:15","slug":"research-facilities","status":"publish","type":"page","link":"http:\/\/iff.la-webdesign.de\/en\/company\/research-facilities\/","title":{"rendered":"Research Facilities"},"content":{"rendered":"<\/div><\/div><\/div><!-- close content main div --><\/div><\/div><div id='intro-top' class='avia-section main_color avia-section-default avia-no-border-styling avia-full-stretch avia-bg-style-scroll   av-minimum-height av-minimum-height-custom container_wrap sidebar_right' style = 'background-repeat: no-repeat; background-image: url(http:\/\/iff.la-webdesign.de\/wp-content\/uploads\/2017\/08\/header-schwesterunternehmen.jpg); background-attachment: scroll; background-position: center center; ' data-section-bg-repeat='stretch' ><div class='container' style='height:400px'><div class='template-page content  av-content-small alpha units'><div class='post-entry post-entry-type-page post-entry-5591'><div class='entry-content-wrapper clearfix'>\n<div class=\"flex_column av_one_half  flex_column_div first  \" style='margin-top:6%; margin-bottom:2%; background-image:url(http:\/\/iff.la-webdesign.de\/wp-content\/uploads\/2017\/07\/bg-weiss-300x300.png); background-position:top left; background-repeat:repeat; padding:40px; border-radius:0px; '><p><div style='padding-bottom:10px;' class='av-special-heading av-special-heading-h1  blockquote modern-quote   '><h1 class='av-special-heading-tag '  itemprop=\"headline\"  >Research Facilities<\/h1><div class='special-heading-border'><div class='special-heading-inner-border' ><\/div><\/div><\/div><br \/>\n<section class=\"av_textblock_section \"  itemscope=\"itemscope\" itemtype=\"https:\/\/schema.org\/CreativeWork\" ><div class='avia_textblock  '   itemprop=\"text\" ><p>Cooperation Partners<\/p>\n<\/div><\/section><\/p><\/div>\n<\/div><\/div><\/div><!-- close content main div --><\/div><\/div><div id='after_section_1' class='main_color av_default_container_wrap container_wrap sidebar_right'   ><div class='container' ><div class='template-page content  av-content-small alpha units'><div class='post-entry post-entry-type-page post-entry-5591'><div class='entry-content-wrapper clearfix'>\n<div class=\"flex_column av_one_half  flex_column_div first  \" style='padding:25px; background-color:#f3f3f3; border-radius:0px; '><p><div class='avia-image-container  av-styling-no-styling    avia-align-center '  itemscope=\"itemscope\" itemtype=\"https:\/\/schema.org\/ImageObject\"  ><div class='avia-image-container-inner'><img class='avia_image ' src='http:\/\/iff.la-webdesign.de\/wp-content\/uploads\/2018\/10\/ohlf_logo_web.png' alt='' title='ohlf_logo_web'   itemprop=\"thumbnailUrl\"  \/><\/div><\/div><br \/>\n<section class=\"av_textblock_section \"  itemscope=\"itemscope\" itemtype=\"https:\/\/schema.org\/CreativeWork\" ><div class='avia_textblock  '   itemprop=\"text\" ><p><a href=\"https:\/\/open-hybrid-labfactory.de\">OHLF \u2013 Der LeichtbauCampus in Wolfsburg<\/a><\/p>\n<\/div><\/section><\/p><\/div>\n<div class=\"flex_column av_one_half  flex_column_div   \" style='padding:25px; background-color:#f3f3f3; border-radius:0px; '><p><div class='avia-image-container  av-styling-no-styling    avia-align-center '  itemscope=\"itemscope\" itemtype=\"https:\/\/schema.org\/ImageObject\"  ><div class='avia-image-container-inner'><img class='avia_image ' src='http:\/\/iff.la-webdesign.de\/wp-content\/uploads\/2018\/10\/siegel_rot.jpg' alt='' title='TUB_Logo_RZ_Vorlage_Typo'   itemprop=\"thumbnailUrl\"  \/><\/div><\/div><br \/>\n<section class=\"av_textblock_section \"  itemscope=\"itemscope\" itemtype=\"https:\/\/schema.org\/CreativeWork\" ><div class='avia_textblock  '   itemprop=\"text\" ><p><a href=\"https:\/\/www.tu-braunschweig.de\/ifs\/\">ifs &#8211; Institut f\u00fcr F\u00fcge- und Schwei\u00dftechnik<\/a><\/p>\n<\/div><\/section><\/p><\/div><div class=\"flex_column av_one_half  flex_column_div first  \" style='padding:25px; background-color:#f3f3f3; border-radius:0px; '><p><div class='avia-image-container  av-styling-no-styling    avia-align-center '  itemscope=\"itemscope\" itemtype=\"https:\/\/schema.org\/ImageObject\"  ><div class='avia-image-container-inner'><img class='avia_image ' src='http:\/\/iff.la-webdesign.de\/wp-content\/uploads\/2018\/10\/640px-TU_Muenchen_Logo.svg.png' alt='' title='640px-TU_Muenchen_Logo.svg'   itemprop=\"thumbnailUrl\"  \/><\/div><\/div><br \/>\n<section class=\"av_textblock_section \"  itemscope=\"itemscope\" itemtype=\"https:\/\/schema.org\/CreativeWork\" ><div class='avia_textblock  '   itemprop=\"text\" ><p><a href=\"http:\/\/www.iwb.mw.tum.de\/startseite\/\">iwb &#8211; Institut f\u00fcr Werkzeugmaschinen und Betriebswissenschaften<\/a><\/p>\n<\/div><\/section><\/p><\/div><\/p>\n<div class=\"flex_column av_one_half  flex_column_div   \" style='padding:25px; background-color:#f3f3f3; border-radius:0px; '><p><div class='avia-image-container  av-styling-no-styling    avia-align-center '  itemscope=\"itemscope\" itemtype=\"https:\/\/schema.org\/ImageObject\"  ><div class='avia-image-container-inner'><img class='avia_image ' src='http:\/\/iff.la-webdesign.de\/wp-content\/uploads\/2018\/10\/uni-kassel.jpg' alt='' title='uni-kassel'   itemprop=\"thumbnailUrl\"  \/><\/div><\/div><br \/>\n<section class=\"av_textblock_section \"  itemscope=\"itemscope\" itemtype=\"https:\/\/schema.org\/CreativeWork\" ><div class='avia_textblock  '   itemprop=\"text\" ><p><a href=\"https:\/\/www.tff-kassel.de\/\">tff &#8211; Fachgebiet Trennende und F\u00fcgende Fertigungsverfahren<\/a><\/p>\n<\/div><\/section><\/p><\/div>\n","protected":false},"excerpt":{"rendered":"","protected":false},"author":3,"featured_media":0,"parent":5588,"menu_order":0,"comment_status":"closed","ping_status":"closed","template":"","meta":[],"_links":{"self":[{"href":"http:\/\/iff.la-webdesign.de\/en\/wp-json\/wp\/v2\/pages\/5591\/"}],"collection":[{"href":"http:\/\/iff.la-webdesign.de\/en\/wp-json\/wp\/v2\/pages\/"}],"about":[{"href":"http:\/\/iff.la-webdesign.de\/en\/wp-json\/wp\/v2\/types\/page\/"}],"author":[{"embeddable":true,"href":"http:\/\/iff.la-webdesign.de\/en\/wp-json\/wp\/v2\/users\/3\/"}],"replies":[{"embeddable":true,"href":"http:\/\/iff.la-webdesign.de\/en\/wp-json\/wp\/v2\/comments\/?post=5591"}],"version-history":[{"count":4,"href":"http:\/\/iff.la-webdesign.de\/en\/wp-json\/wp\/v2\/pages\/5591\/revisions\/"}],"predecessor-version":[{"id":5593,"href":"http:\/\/iff.la-webdesign.de\/en\/wp-json\/wp\/v2\/pages\/5591\/revisions\/5593\/"}],"up":[{"embeddable":true,"href":"http:\/\/iff.la-webdesign.de\/en\/wp-json\/wp\/v2\/pages\/5588\/"}],"wp:attachment":[{"href":"http:\/\/iff.la-webdesign.de\/en\/wp-json\/wp\/v2\/media\/?parent=5591"}],"curies":[{"name":"wp","href":"https:\/\/api.w.org\/{rel}","templated":true}]}}